{"id":2214,"date":"2020-09-30T05:24:05","date_gmt":"2020-09-30T05:24:05","guid":{"rendered":"https:\/\/wecarethemes.com\/wbtest\/?page_id=2214"},"modified":"2021-11-07T12:25:38","modified_gmt":"2021-11-07T12:25:38","slug":"o-mnie","status":"publish","type":"page","link":"https:\/\/trenerjezykowobcych.pl\/wp\/o-mnie\/","title":{"rendered":"O mnie"},"content":{"rendered":"\t\t<div data-elementor-type=\"wp-page\" data-elementor-id=\"2214\" class=\"elementor elementor-2214\" data-elementor-settings=\"[]\">\n\t\t\t\t\t\t\t<div class=\"elementor-section-wrap\">\n\t\t\t\t\t\t\t<section class=\"elementor-section elementor-top-section elementor-element elementor-element-bb979e3 elementor-section-boxed elementor-section-height-default elementor-section-height-default\" data-id=\"bb979e3\" data-element_type=\"section\">\n\t\t\t\t\t\t<div class=\"elementor-container elementor-column-gap-default\">\n\t\t\t\t\t<div class=\"elementor-column elementor-col-100 elementor-top-column elementor-element elementor-element-54bad81d\" data-id=\"54bad81d\" data-element_type=\"column\">\n\t\t\t<div class=\"elementor-widget-wrap elementor-element-populated\">\n\t\t\t\t\t\t\t\t<section class=\"elementor-section elementor-inner-section elementor-element elementor-element-4dac6ebf elementor-section-boxed elementor-section-height-default elementor-section-height-default\" data-id=\"4dac6ebf\" data-element_type=\"section\">\n\t\t\t\t\t\t<div class=\"elementor-container elementor-column-gap-default\">\n\t\t\t\t\t<div class=\"elementor-column elementor-col-50 elementor-inner-column elementor-element elementor-element-568fa3fb me-user-img\" data-id=\"568fa3fb\" data-element_type=\"column\">\n\t\t\t<div class=\"elementor-widget-wrap elementor-element-populated\">\n\t\t\t\t\t\t\t\t<div class=\"elementor-element elementor-element-3eadff14 animated-slow elementor-invisible elementor-widget elementor-widget-image\" data-id=\"3eadff14\" data-element_type=\"widget\" data-settings=\"{&quot;_animation&quot;:&quot;fadeInLeft&quot;}\" data-widget_type=\"image.default\">\n\t\t\t\t<div class=\"elementor-widget-container\">\n\t\t\t\t\t\t\t\t\t\t\t\t\t\t\t<img loading=\"lazy\" decoding=\"async\" width=\"490\" height=\"686\" src=\"https:\/\/trenerjezykowobcych.pl\/wp\/wp-content\/uploads\/2021\/10\/aboutme.jpg\" class=\"attachment-large size-large\" alt=\"\" srcset=\"https:\/\/trenerjezykowobcych.pl\/wp\/wp-content\/uploads\/2021\/10\/aboutme.jpg 490w, https:\/\/trenerjezykowobcych.pl\/wp\/wp-content\/uploads\/2021\/10\/aboutme-214x300.jpg 214w\" sizes=\"auto, (max-width: 490px) 100vw, 490px\" \/>\t\t\t\t\t\t\t\t\t\t\t\t\t\t\t<\/div>\n\t\t\t\t<\/div>\n\t\t\t\t\t<\/div>\n\t\t<\/div>\n\t\t\t\t<div class=\"elementor-column elementor-col-50 elementor-inner-column elementor-element elementor-element-75548c43\" data-id=\"75548c43\" data-element_type=\"column\">\n\t\t\t<div class=\"elementor-widget-wrap elementor-element-populated\">\n\t\t\t\t\t\t\t\t<div class=\"elementor-element elementor-element-5711ccf7 elementor-widget elementor-widget-heading\" data-id=\"5711ccf7\" data-element_type=\"widget\" data-widget_type=\"heading.default\">\n\t\t\t\t<div class=\"elementor-widget-container\">\n\t\t\t<h2 class=\"elementor-heading-title elementor-size-default\">Cze\u015b\u0107!<\/h2>\t\t<\/div>\n\t\t\t\t<\/div>\n\t\t\t\t<div class=\"elementor-element elementor-element-1496dac elementor-widget elementor-widget-text-editor\" data-id=\"1496dac\" data-element_type=\"widget\" data-widget_type=\"text-editor.default\">\n\t\t\t\t<div class=\"elementor-widget-container\">\n\t\t\t\t\t\t\t<h3>moj\u0105 pasj\u0105 jest j\u0119zyk angielski i wszystko co jest z nim zwi\u0105zane. <\/h3><h3>Uko\u0144czy\u0142am studia licencjackie jak i magisterskie z kierunkiem pedagogicznym, poniewa\u017c od zawsze chcia\u0142am uczy\u0107. <\/h3><h3>W zawodzie pracuj\u0119 ju\u017c od ponad 10 lat i ka\u017cdy nowy ucze\u0144 jest dla mnie wyzwaniem, kt\u00f3re z wielk\u0105 ch\u0119ci\u0105 przyjmuj\u0119.<\/h3>\t\t\t\t\t\t<\/div>\n\t\t\t\t<\/div>\n\t\t\t\t<div class=\"elementor-element elementor-element-25618b4d elementor-position-left elementor-widget__width-initial elementor-widget-mobile__width-inherit elementor-widget-tablet__width-inherit me-about-box elementor-vertical-align-top elementor-invisible elementor-widget elementor-widget-image-box\" data-id=\"25618b4d\" data-element_type=\"widget\" data-settings=\"{&quot;_animation&quot;:&quot;zoomIn&quot;}\" data-widget_type=\"image-box.default\">\n\t\t\t\t<div class=\"elementor-widget-container\">\n\t\t\t<div class=\"elementor-image-box-wrapper\"><figure class=\"elementor-image-box-img\"><img loading=\"lazy\" decoding=\"async\" width=\"50\" height=\"46\" src=\"https:\/\/trenerjezykowobcych.pl\/wp\/wp-content\/uploads\/2020\/10\/about-me-img1.jpg\" class=\"attachment-full size-full\" alt=\"\" \/><\/figure><div class=\"elementor-image-box-content\"><h6 class=\"elementor-image-box-title\">ZAPEWNIAM<\/h6><p class=\"elementor-image-box-description\">-Zaj\u0119cia dostosowane do<br>  potrzeb i oczekiwa\u0144 swoich uczni\u00f3w<br><\/br>\n-Przyjazne i ciekawe materia\u0142y rozwijaj\u0105ce   <br>   ka\u017cd\u0105 umiej\u0119tno\u015b\u0107 potrzebn\u0105 do rozumienia <br>   i u\u017cywania j\u0119zyka<br><\/br>\n-Indywidualne podej\u015bcie do ka\u017cdego ucznia<br><\/br>\n-Maksymalne zaanga\u017cowanie z mojej strony<br><\/br>\n-Mi\u0142\u0105 atmosfer\u0119<\/p><\/div><\/div>\t\t<\/div>\n\t\t\t\t<\/div>\n\t\t\t\t\t<\/div>\n\t\t<\/div>\n\t\t\t\t\t\t\t<\/div>\n\t\t<\/section>\n\t\t\t\t\t<\/div>\n\t\t<\/div>\n\t\t\t\t\t\t\t<\/div>\n\t\t<\/section>\n\t\t\t\t\t\t<\/div>\n\t\t\t\t\t<\/div>\n\t\t","protected":false},"excerpt":{"rendered":"<p>Cze\u015b\u0107! moj\u0105 pasj\u0105 jest j\u0119zyk angielski i wszystko co jest z nim zwi\u0105zane. Uko\u0144czy\u0142am studia licencjackie jak i magisterskie z kierunkiem pedagogicznym, poniewa\u017c od zawsze chcia\u0142am uczy\u0107. W zawodzie pracuj\u0119 ju\u017c od ponad 10 lat i ka\u017cdy nowy ucze\u0144 jest dla mnie wyzwaniem, kt\u00f3re z wielk\u0105 ch\u0119ci\u0105 przyjmuj\u0119. ZAPEWNIAM -Zaj\u0119cia dostosowane do potrzeb i oczekiwa\u0144<br \/><a class=\"moretag\" href=\"https:\/\/trenerjezykowobcych.pl\/wp\/o-mnie\/\">+ Read More<\/a><\/p>\n","protected":false},"author":1,"featured_media":0,"parent":0,"menu_order":0,"comment_status":"closed","ping_status":"closed","template":"templates\/page-builder.php","meta":{"footnotes":""},"class_list":["post-2214","page","type-page","status-publish","hentry"],"_links":{"self":[{"href":"https:\/\/trenerjezykowobcych.pl\/wp\/wp-json\/wp\/v2\/pages\/2214","targetHints":{"allow":["GET"]}}],"collection":[{"href":"https:\/\/trenerjezykowobcych.pl\/wp\/wp-json\/wp\/v2\/pages"}],"about":[{"href":"https:\/\/trenerjezykowobcych.pl\/wp\/wp-json\/wp\/v2\/types\/page"}],"author":[{"embeddable":true,"href":"https:\/\/trenerjezykowobcych.pl\/wp\/wp-json\/wp\/v2\/users\/1"}],"replies":[{"embeddable":true,"href":"https:\/\/trenerjezykowobcych.pl\/wp\/wp-json\/wp\/v2\/comments?post=2214"}],"version-history":[{"count":44,"href":"https:\/\/trenerjezykowobcych.pl\/wp\/wp-json\/wp\/v2\/pages\/2214\/revisions"}],"predecessor-version":[{"id":2569,"href":"https:\/\/trenerjezykowobcych.pl\/wp\/wp-json\/wp\/v2\/pages\/2214\/revisions\/2569"}],"wp:attachment":[{"href":"https:\/\/trenerjezykowobcych.pl\/wp\/wp-json\/wp\/v2\/media?parent=2214"}],"curies":[{"name":"wp","href":"https:\/\/api.w.org\/{rel}","templated":true}]}}